{"id":1360,"date":"2021-10-20T11:54:17","date_gmt":"2021-10-20T09:54:17","guid":{"rendered":"https:\/\/elternwerkstatt-hamburg.de\/?page_id=1360"},"modified":"2025-08-20T10:49:58","modified_gmt":"2025-08-20T08:49:58","slug":"supervision-weiterbildung","status":"publish","type":"page","link":"https:\/\/elternwerkstatt-hamburg.de\/?page_id=1360","title":{"rendered":"Supervision\/Weiterbildung"},"content":{"rendered":"<div id='fullscreen_slider_1' class='avia-fullscreen-slider main_color   avia-builder-el-0  el_before_av_codeblock  avia-builder-el-first  container_wrap sidebar_right' style=' '  ><a href='#next-section' title='' class='scroll-down-link av-control-default' aria-hidden='true' data-av_icon='\ue877' data-av_iconfont='entypo-fontello'><\/a><div  data-size='extra_large'  data-lightbox_size='large'  data-animation='slide'  data-conditional_play=''  data-ids='1353'  data-video_counter='0'  data-autoplay='false'  data-bg_slider='true'  data-slide_height='100'  data-handle='av_fullscreen'  data-interval='5'  data-class=' '  data-css_id='fullscreen_slider_1'  data-scroll_down='aviaTBscroll_down'  data-control_layout='av-control-default'  data-custom_markup=''  data-perma_caption=''  data-autoplay_stopper=''  data-image_attachment=''  data-min_height='0px'  data-stretch=''  data-default-height='100'  class='avia-slideshow avia-slideshow-1 av-slider-scroll-down-active av-control-default av-default-height-applied avia-slideshow-extra_large av_fullscreen   avia-slide-slider '  itemprop=\"ImageObject\" itemscope=\"itemscope\" itemtype=\"https:\/\/schema.org\/ImageObject\" ><ul class='avia-slideshow-inner ' style='padding-bottom: 65.733333333333%;' ><li style='background-position:center center;' data-img-url='https:\/\/elternwerkstatt-hamburg.de\/wp-content\/uploads\/2021\/10\/KTD_09-1500x986.jpg' class=' av-single-slide slide-1 ' ><div data-rel='slideshow-1' class='avia-slide-wrap '   ><div class = \"caption_fullwidth av-slideshow-caption caption_right\"><div class = \"container caption_container\"><div class = \"slideshow_caption\"><div class = \"slideshow_inner_caption\"><div class = \"slideshow_align_caption\"><h2  style='font-size:80px; ' class='avia-caption-title '  itemprop=\"name\" >Supervision\/Weiterbildung<\/h2><\/div><\/div><\/div><\/div><\/div><\/div><\/li><\/ul><\/div><\/div><div id='after_full_slider_1' class='main_color av_default_container_wrap container_wrap sidebar_right' style=' '  ><div class='container' ><div class='template-page content  av-content-small alpha units'><div class='post-entry post-entry-type-page post-entry-1360'><div class='entry-content-wrapper clearfix'>\n\n<\/div><\/div><\/div><!-- close content main div --><\/div><\/div><div id='av_section_1' class='avia-section main_color avia-section-huge avia-no-border-styling avia-bg-style-scroll  avia-builder-el-2  el_after_av_codeblock  el_before_av_section   container_wrap sidebar_right' style=' '  ><div class='container' ><div class='template-page content  av-content-small alpha units'><div class='post-entry post-entry-type-page post-entry-1360'><div class='entry-content-wrapper clearfix'>\n<div class=\"flex_column av_one_full  flex_column_div av-zero-column-padding first  avia-builder-el-3  el_before_av_one_full  avia-builder-el-first  \" style='border-radius:0px; '><div style='padding-bottom:30px; font-size:70px;' class='av-special-heading av-special-heading-h1  blockquote modern-quote  avia-builder-el-4  avia-builder-el-no-sibling   av-inherit-size '><h1 class='av-special-heading-tag '  itemprop=\"headline\"  >Weiterbildung<\/h1><div class='special-heading-border'><div class='special-heading-inner-border' ><\/div><\/div><\/div><\/div><div class=\"flex_column av_one_full  flex_column_div av-zero-column-padding first  avia-builder-el-5  el_after_av_one_full  el_before_av_hr  column-top-margin\" style='border-radius:0px; '><p><div style='padding-bottom:30px; font-size:50px;' class='av-special-heading av-special-heading-h6  blockquote modern-quote  avia-builder-el-6  el_before_av_toggle_container  avia-builder-el-first   av-inherit-size '><h6 class='av-special-heading-tag '  itemprop=\"headline\"  >Aktuelle Angebote<\/h6><div class='special-heading-border'><div class='special-heading-inner-border' ><\/div><\/div><\/div><br \/>\n<div class=\"togglecontainer   toggle_close_all  avia-builder-el-7  el_after_av_heading  avia-builder-el-last \" >\n<section class=\"av_toggle_section\"  itemscope=\"itemscope\" itemtype=\"https:\/\/schema.org\/CreativeWork\"  >    <div class=\"single_toggle\" data-tags=\"{Alle} \"  >        <p data-fake-id=\"#toggle-id-1\" class=\"toggler \"  itemprop=\"headline\"   >Psychodrama-Praktiker*in<span class=\"toggle_icon\" >        <span class=\"vert_icon\"><\/span><span class=\"hor_icon\"><\/span><\/span><\/p>        <div id=\"toggle-id-1-container\" class=\"toggle_wrap \"  >            <div class=\"toggle_content invers-color \"  itemprop=\"text\"   ><h5><\/h5>\n<h2><b>Psychodrama-Praktiker*in<\/b><b style=\"font-size: 16px;\">\u00a0<\/b><\/h2>\n<h3>f\u00fcr Gruppenleitung und Beratung<\/h3>\n<p>Weitere Informationen entnehmen Sie bitte unserem <a href=\"http:\/\/elternwerkstatt-hamburg.de\/wp-content\/uploads\/2023\/10\/2023_10_06_Grundstufe-Frankfurt-Referenten-PDF24.pdf\" target=\"_blank\" rel=\"noopener\">Flyer<\/a>.<\/p>\n            <\/div>        <\/div>    <\/div><\/section>\n<section class=\"av_toggle_section\"  itemscope=\"itemscope\" itemtype=\"https:\/\/schema.org\/CreativeWork\"  >    <div class=\"single_toggle\" data-tags=\"{Alle} \"  >        <p data-fake-id=\"#toggle-id-2\" class=\"toggler \"  itemprop=\"headline\"   >Kinder-Monodrama-Techniken<span class=\"toggle_icon\" >        <span class=\"vert_icon\"><\/span><span class=\"hor_icon\"><\/span><\/span><\/p>        <div id=\"toggle-id-2-container\" class=\"toggle_wrap \"  >            <div class=\"toggle_content invers-color \"  itemprop=\"text\"   ><h2><b>St\u00f6rungsspezifische Kinder-Monodrama-Techniken<\/b><b style=\"font-size: 16px;\">\u00a0<\/b><\/h2>\n<h3>f\u00fcr Therapie und Beratung<\/h3>\n<p>Weitere Informationen entnehmen Sie bitte unserem\u00a0<a href=\"http:\/\/elternwerkstatt-hamburg.de\/wp-content\/uploads\/2023\/10\/2024_02_27_Stoerungsspezifische-Kinder-Monodrama-Techniken-ONLINE-PDF24.pdf\" target=\"_blank\" rel=\"noopener\">Flyer.<\/a><\/p>\n            <\/div>        <\/div>    <\/div><\/section>\n<section class=\"av_toggle_section\"  itemscope=\"itemscope\" itemtype=\"https:\/\/schema.org\/CreativeWork\"  >    <div class=\"single_toggle\" data-tags=\"{Alle} \"  >        <p data-fake-id=\"#toggle-id-3\" class=\"toggler \"  itemprop=\"headline\"   >Wurzeln und Fl\u00fcgel<span class=\"toggle_icon\" >        <span class=\"vert_icon\"><\/span><span class=\"hor_icon\"><\/span><\/span><\/p>        <div id=\"toggle-id-3-container\" class=\"toggle_wrap \"  >            <div class=\"toggle_content invers-color \"  itemprop=\"text\"   ><h2><b>Wurzeln und Fl\u00fcgel: die Heimat im Gep\u00e4ck<\/b><b style=\"font-size: 16px;\">\u00a0<\/b><\/h2>\n<h3>Das Woher und das Wohin psychodramatisch beleuchtet<\/h3>\n<p>Weitere Informationen entnehmen Sie bitte unserem\u00a0<a href=\"http:\/\/elternwerkstatt-hamburg.de\/wp-content\/uploads\/2023\/10\/2024_09_20_Wurzeln-und-Fluegel-Referent-PDF24.pdf\" target=\"_blank\" rel=\"noopener\">Flyer.<\/a><\/p>\n            <\/div>        <\/div>    <\/div><\/section>\n<\/div><\/p><\/div><div style='height:100px' class='hr hr-invisible   avia-builder-el-8  el_after_av_one_full  avia-builder-el-last '><span class='hr-inner ' ><span class='hr-inner-style'><\/span><\/span><\/div>\n\n<\/div><\/div><\/div><!-- close content main div --><\/div><\/div><div id='av_section_2' class='avia-section alternate_color avia-section-small avia-no-border-styling av-section-color-overlay-active avia-bg-style-fixed  avia-builder-el-9  el_after_av_section  avia-builder-el-last   container_wrap sidebar_right' style='background-color: #000000;  '  ><div class='av-section-color-overlay-wrap'><div class='av-section-color-overlay' style='opacity: 0.8; background-color: #000000; '><\/div><div class='container' ><div class='template-page content  av-content-small alpha units'><div class='post-entry post-entry-type-page post-entry-1360'><div class='entry-content-wrapper clearfix'>\n<div class=\"flex_column av_one_full  flex_column_div av-zero-column-padding first  avia-builder-el-10  avia-builder-el-no-sibling  \" style='border-radius:0px; '><p><div style='padding-bottom:20px; color:#f7f7f7;font-size:50px;' class='av-special-heading av-special-heading-h1 custom-color-heading blockquote modern-quote modern-centered  avia-builder-el-11  el_before_av_textblock  avia-builder-el-first   av-inherit-size '><h1 class='av-special-heading-tag '  itemprop=\"headline\"  >Kontakt<\/h1><div class='special-heading-border'><div class='special-heading-inner-border' style='border-color:#f7f7f7'><\/div><\/div><\/div><br \/>\n<section class=\"av_textblock_section \"  itemscope=\"itemscope\" itemtype=\"https:\/\/schema.org\/CreativeWork\" ><div class='avia_textblock  '   itemprop=\"text\" ><p style=\"text-align: center;\">Elternwerkstatt-Hamburg<br \/>\nKerstin Erl-Hegel<br \/>\nKirchentwiete 29 a<br \/>\n22765 Hamburg<br \/>\nTelefon: 0171 45 93 95 3<\/p>\n<p style=\"text-align: center;\">Ich freue mich sehr mit Ihnen ins Gespr\u00e4ch zu kommen. Gerne k\u00f6nnen Sie mir eine Nachricht mit Ihrem Namen und Ihrer Telefonnummer hinterlassen, ich rufe Sie schnellstm\u00f6glich zur\u00fcck. Oder Sie schicken mir eine Mail, das Kontaktformular finden Sie direkt unter dem Text im Button.<\/p>\n<\/div><\/section><br \/>\n<div style='height:20px' class='hr hr-invisible   avia-builder-el-13  el_after_av_textblock  el_before_av_button '><span class='hr-inner ' ><span class='hr-inner-style'><\/span><\/span><\/div><br \/>\n<div class='avia-button-wrap avia-button-center  avia-builder-el-14  el_after_av_hr  avia-builder-el-last '><a href='https:\/\/elternwerkstatt-hamburg.de\/?page_id=255'  class='avia-button av-icon-on-hover  avia-icon_select-yes-right-icon avia-color-light avia-size-large avia-position-center '   ><span class='avia_iconbox_title' >Kontakt<\/span><span class='avia_button_icon avia_button_icon_right' aria-hidden='true' data-av_icon='\ue879' data-av_iconfont='entypo-fontello'><\/span><\/a><\/div><\/p><\/div><\/div><\/div><\/div><!-- close content main div --><\/div><\/div><\/div><div id='after_section_2' class='main_color av_default_container_wrap container_wrap sidebar_right' style=' '  ><div class='container' ><div class='template-page content  av-content-small alpha units'><div class='post-entry post-entry-type-page post-entry-1360'><div class='entry-content-wrapper clearfix'>\n","protected":false},"excerpt":{"rendered":"","protected":false},"author":1,"featured_media":0,"parent":257,"menu_order":4,"comment_status":"closed","ping_status":"closed","template":"","meta":{"footnotes":""},"class_list":["post-1360","page","type-page","status-publish","hentry"],"_links":{"self":[{"href":"https:\/\/elternwerkstatt-hamburg.de\/index.php?rest_route=\/wp\/v2\/pages\/1360","targetHints":{"allow":["GET"]}}],"collection":[{"href":"https:\/\/elternwerkstatt-hamburg.de\/index.php?rest_route=\/wp\/v2\/pages"}],"about":[{"href":"https:\/\/elternwerkstatt-hamburg.de\/index.php?rest_route=\/wp\/v2\/types\/page"}],"author":[{"embeddable":true,"href":"https:\/\/elternwerkstatt-hamburg.de\/index.php?rest_route=\/wp\/v2\/users\/1"}],"replies":[{"embeddable":true,"href":"https:\/\/elternwerkstatt-hamburg.de\/index.php?rest_route=%2Fwp%2Fv2%2Fcomments&post=1360"}],"version-history":[{"count":36,"href":"https:\/\/elternwerkstatt-hamburg.de\/index.php?rest_route=\/wp\/v2\/pages\/1360\/revisions"}],"predecessor-version":[{"id":1696,"href":"https:\/\/elternwerkstatt-hamburg.de\/index.php?rest_route=\/wp\/v2\/pages\/1360\/revisions\/1696"}],"up":[{"embeddable":true,"href":"https:\/\/elternwerkstatt-hamburg.de\/index.php?rest_route=\/wp\/v2\/pages\/257"}],"wp:attachment":[{"href":"https:\/\/elternwerkstatt-hamburg.de\/index.php?rest_route=%2Fwp%2Fv2%2Fmedia&parent=1360"}],"curies":[{"name":"wp","href":"https:\/\/api.w.org\/{rel}","templated":true}]}}