{"id":143,"date":"2016-05-19T17:13:20","date_gmt":"2016-05-19T15:13:20","guid":{"rendered":"http:\/\/test.kriesi.at\/enfold-health-coach\/?page_id=143"},"modified":"2025-09-11T10:24:45","modified_gmt":"2025-09-11T08:24:45","slug":"home","status":"publish","type":"page","link":"https:\/\/elternwerkstatt-hamburg.de\/","title":{"rendered":"Startseite"},"content":{"rendered":"<div id='fullscreen_slider_1' class='avia-fullscreen-slider main_color   avia-builder-el-0  el_before_av_section  avia-builder-el-first  container_wrap sidebar_right' style=' '  ><a href='#next-section' title='' class='scroll-down-link av-control-hidden' aria-hidden='true' data-av_icon='\ue877' data-av_iconfont='entypo-fontello'><\/a><div  data-size='no scaling'  data-lightbox_size='large'  data-animation='fade'  data-conditional_play=''  data-ids='917,810,811,809'  data-video_counter='0'  data-autoplay='true'  data-bg_slider='true'  data-slide_height='100'  data-handle='av_fullscreen'  data-interval='7'  data-class=' '  data-css_id='fullscreen_slider_1'  data-scroll_down='aviaTBscroll_down'  data-control_layout='av-control-hidden'  data-custom_markup=''  data-perma_caption='aviaTBperma_caption'  data-autoplay_stopper=''  data-image_attachment=''  data-min_height='0px'  data-stretch=''  class='avia-slideshow avia-slideshow-1 av-slider-scroll-down-active av-control-hidden av-default-height-applied avia-slideshow-no scaling av_fullscreen   avia-fade-slider '  itemprop=\"ImageObject\" itemscope=\"itemscope\" itemtype=\"https:\/\/schema.org\/ImageObject\" ><ul class='avia-slideshow-inner ' style='padding-bottom: 73%;' ><li style='background-position:center center;' data-img-url='https:\/\/elternwerkstatt-hamburg.de\/wp-content\/uploads\/2019\/06\/Erziehungsberatun.jpg' class=' slide-1 ' ><div data-rel='slideshow-1' class='avia-slide-wrap '   ><div class='av-section-color-overlay' style='opacity: 0.3; background-color: #000000; '><\/div><\/div><\/li><li style='background-position:center right;' data-img-url='https:\/\/elternwerkstatt-hamburg.de\/wp-content\/uploads\/2019\/06\/Paarberatung.jpg' class=' slide-2 ' ><div data-rel='slideshow-1' class='avia-slide-wrap '   ><div class='av-section-color-overlay' style='opacity: 0.3; background-color: #000000; '><\/div><\/div><\/li><li style='background-position:center center;' data-img-url='https:\/\/elternwerkstatt-hamburg.de\/wp-content\/uploads\/2019\/06\/Sexualberatung.jpg' class=' slide-3 ' ><div data-rel='slideshow-1' class='avia-slide-wrap '   ><\/div><\/li><li style='background-position:center center;' data-img-url='https:\/\/elternwerkstatt-hamburg.de\/wp-content\/uploads\/2019\/06\/Gruppenangebot.jpg' class=' slide-4 ' ><div data-rel='slideshow-1' class='avia-slide-wrap '   ><\/div><\/li><\/ul><div class='avia-slideshow-arrows avia-slideshow-controls'><a href='#prev' class='prev-slide' aria-hidden='true' data-av_icon='\ue87c' data-av_iconfont='entypo-fontello'>Zur\u00fcck<\/a><a href='#next' class='next-slide' aria-hidden='true' data-av_icon='\ue87d' data-av_iconfont='entypo-fontello'>Weiter<\/a><\/div><div class='avia-slideshow-dots avia-slideshow-controls'><a href='#1' class='goto-slide active' >1<\/a><a href='#2' class='goto-slide ' >2<\/a><a href='#3' class='goto-slide ' >3<\/a><a href='#4' class='goto-slide ' >4<\/a><\/div><div class = \"caption_fullwidth av-slideshow-caption caption_center\"><div class = \"container caption_container\"><div class = \"slideshow_caption\"><div class = \"slideshow_inner_caption\"><div class = \"slideshow_align_caption\"><h2  style='font-size:107px; ' class='avia-caption-title '  itemprop=\"name\" >Herzlich Willkommen<\/h2><div class='avia-caption-content  av_inherit_color'  itemprop=\"description\"   style='font-size:52px; '><p>in der Elternwerkstatt-Hamburg<\/p>\n<\/div><a href='https:\/\/www.doctolib.de\/heilpraktiker-fur-psychotherapie\/hamburg\/kerstin-erl-hegel'  target=\"_blank\"  class='avia-slideshow-button avia-button avia-color-light avia-multi-slideshow-button' data-duration='800' data-easing='easeInOutQuad'>Termin online buchen<\/a><a href='https:\/\/elternwerkstatt-hamburg.de\/?page_id=475'  class='avia-slideshow-button avia-button avia-color-light avia-multi-slideshow-button avia-slideshow-button-2' data-duration='800' data-easing='easeInOutQuad'>Aktuelle Angebote<\/a><\/div><\/div><\/div><\/div><\/div><\/div><\/div>\n<div id='av_section_1' class='avia-section main_color avia-section-huge avia-no-shadow avia-bg-style-scroll  avia-builder-el-1  el_after_av_fullscreen  el_before_av_codeblock   container_wrap sidebar_right' style=' '  ><div class='container' ><div class='template-page content  av-content-small alpha units'><div class='post-entry post-entry-type-page post-entry-143'><div class='entry-content-wrapper clearfix'>\n<div class='avia-button-wrap avia-button-center  avia-builder-el-2  el_before_av_hr  avia-builder-el-first '><a href='' class='avia-button avia-button-fullwidth   avia-icon_select-no avia-color-theme-color '  style='color:#ffffff; ' ><span class='avia_iconbox_title' >Neue Adresse: Kirchentwiete 29a, 22765 Hamburg<\/span><span class='avia_button_background avia-button avia-button-fullwidth avia-color-theme-color' ><\/span><\/a><\/div>\n<div style='height:50px' class='hr hr-invisible   avia-builder-el-3  el_after_av_button_big  el_before_av_one_full  avia-builder-el-first '><span class='hr-inner ' ><span class='hr-inner-style'><\/span><\/span><\/div>\n<div class=\"flex_column av_one_full  flex_column_div av-zero-column-padding first  avia-builder-el-4  el_after_av_hr  el_before_av_one_full  \" style='border-radius:0px; '><article class=\"iconbox iconbox_left_content    avia-builder-el-5  avia-builder-el-no-sibling  \"  itemscope=\"itemscope\" itemtype=\"https:\/\/schema.org\/CreativeWork\" ><div class=\"iconbox_icon heading-color \" aria-hidden='true' data-av_icon='\ue863' data-av_iconfont='entypo-fontello'  ><\/div><div class=\"iconbox_content\"><header class=\"entry-content-header\"><h3 class='iconbox_content_title '  itemprop=\"headline\"  ><a href='https:\/\/elternwerkstatt-hamburg.de\/?page_id=464' title='Erziehungsberatung'  target=\"_blank\"  >Erziehungsberatung<\/a><\/h3><\/header><div class='iconbox_content_container  '  itemprop=\"text\"  ><p>Ob als leibliche Eltern, als Pflege- oder Adoptiveltern oder auch als Gro\u00dfeltern \u2013 ich m\u00f6chte Sie in allen Entwicklungsphasen Ihres Kindes oder Ihrer Kinder unterst\u00fctzen. Jedes Kind hat einen individuellen Charakter und stellt uns vor ganz unterschiedliche Aufgaben und Herausforderungen. Oft ist das Zusammenleben mehr als anstrengend und der Alltag bringt uns an den Rand unserer Belastbarkeit.<span class=\"Apple-converted-space\">\u00a0<\/span><\/p>\n<p>In der Beratung m\u00f6chte ich Ihnen helfen, das Kind besser zu verstehen, aber auch sich selber besser zu verstehen. Ich m\u00f6chte Sie in Ihrer Rolle als Mutter und Vater st\u00e4rken und Ihnen neue Handlungsm\u00f6glichkeiten er\u00f6ffnen, die die Stresssituationen im Alltag entspannen und auch Ihnen wieder mehr Luft und Spielraum geben.<\/p>\n<\/div><\/div><footer class=\"entry-footer\"><\/footer><\/article><\/div><div class=\"flex_column av_one_full  flex_column_div av-zero-column-padding first  avia-builder-el-6  el_after_av_one_full  el_before_av_one_full  column-top-margin\" style='border-radius:0px; '><article class=\"iconbox iconbox_left_content    avia-builder-el-7  avia-builder-el-no-sibling  \"  itemscope=\"itemscope\" itemtype=\"https:\/\/schema.org\/CreativeWork\" ><div class=\"iconbox_icon heading-color \" aria-hidden='true' data-av_icon='\ue80b' data-av_iconfont='entypo-fontello'  ><\/div><div class=\"iconbox_content\"><header class=\"entry-content-header\"><h3 class='iconbox_content_title '  itemprop=\"headline\"  ><a href='https:\/\/elternwerkstatt-hamburg.de\/?page_id=467' title='Paarberatung und Paartherapie'  >Paarberatung und Paartherapie<\/a><\/h3><\/header><div class='iconbox_content_container  '  itemprop=\"text\"  ><p>Eine Paarbeziehung ist ein Weg voller H\u00f6hen und Tiefen. Viele Konflikte h\u00e4tte man sich nicht vorstellen k\u00f6nnen und manchmal reicht eine scheinbare Kleinigkeit, und alles steht unvermittelt infrage. Auch Kinder k\u00f6nnen ein ungeahnt anstrengender Faktor sein und der Alltag mit ihnen zur Belastungsprobe werden. <span class=\"Apple-converted-space\">\u00a0<\/span><\/p>\n<p>Ich verstehe mich an dieser Stelle als Vermittlerin und Dolmetscherin. Mein Ansatz ist, Sie als Paar (wieder) ins Gespr\u00e4ch zu bringen und beratend und vermittelnd zur Seite zu stehen. Ich m\u00f6chte helfen, den Kern von Konflikten zu erkennen und mit Ihnen eine L\u00f6sung erarbeiten, die\u00a0<b>f\u00fcr Sie beide\u00a0<\/b>passend ist. Das kann bedeuten, sich wieder zu sehen, zu f\u00fchlen, zu h\u00f6ren \u2013 oder auch, sich respektvoll zu trennen.<\/p>\n<\/div><\/div><footer class=\"entry-footer\"><\/footer><\/article><\/div><div class=\"flex_column av_one_full  flex_column_div av-zero-column-padding first  avia-builder-el-8  el_after_av_one_full  avia-builder-el-last  column-top-margin\" style='border-radius:0px; '><article class=\"iconbox iconbox_left_content    avia-builder-el-9  avia-builder-el-no-sibling  \"  itemscope=\"itemscope\" itemtype=\"https:\/\/schema.org\/CreativeWork\" ><div class=\"iconbox_icon heading-color \" aria-hidden='true' data-av_icon='\ue806' data-av_iconfont='entypo-fontello'  ><\/div><div class=\"iconbox_content\"><header class=\"entry-content-header\"><h3 class='iconbox_content_title '  itemprop=\"headline\"  ><a href='https:\/\/elternwerkstatt-hamburg.de\/?page_id=673' title='Sexualberatung'  >Sexualberatung<\/a><\/h3><\/header><div class='iconbox_content_container  '  itemprop=\"text\"  ><p>Als Sexualberaterin unterst\u00fctze ich Sie auch bei sexuellen Fragen und m\u00f6chte Sie ermutigen, sich mit Ihren sexuellen Sehns\u00fcchten auseinanderzusetzen \u2013 allein oder als Paar. Das Leben ist zu kurz, um einen so elementaren Teil auszublenden oder unbeachtet zu lassen. Darum ermuntere ich Sie, sich zu trauen und Ihre \u00c4ngste und W\u00fcnsche zu thematisieren.<\/p>\n<\/div><\/div><footer class=\"entry-footer\"><\/footer><\/article><\/div>\n<\/div><\/div><\/div><!-- close content main div --><\/div><\/div><div id='after_section_1' class='main_color av_default_container_wrap container_wrap sidebar_right' style=' '  ><div class='container' ><div class='template-page content  av-content-small alpha units'><div class='post-entry post-entry-type-page post-entry-143'><div class='entry-content-wrapper clearfix'>\n\n<\/div><\/div><\/div><!-- close content main div --><\/div><\/div><div id='hello' class='av-layout-grid-container entry-content-wrapper main_color av-flex-cells    avia-builder-el-11  el_after_av_codeblock  el_before_av_section  submenu-not-first container_wrap sidebar_right' style=' '  >\n<div class=\"flex_cell no_margin av_one_full  avia-builder-el-12  avia-builder-el-no-sibling   \" style='vertical-align:top; padding:100px; '><div class='flex_cell_inner' ><p><div style='padding-bottom:30px; font-size:70px;' class='av-special-heading av-special-heading-h5  blockquote modern-quote modern-centered  avia-builder-el-13  el_before_av_hr  avia-builder-el-first  av-inherit-size '><h5 class='av-special-heading-tag '  itemprop=\"headline\"  >Das sagen meine Klientinnen und Klienten<\/h5><div class='special-heading-border'><div class='special-heading-inner-border' ><\/div><\/div><\/div><br \/>\n<div style='height:20px' class='hr hr-invisible   avia-builder-el-14  el_after_av_heading  el_before_av_one_third '><span class='hr-inner ' ><span class='hr-inner-style'><\/span><\/span><\/div><br \/>\n<div class=\"flex_column av_one_third  flex_column_div av-zero-column-padding first  avia-builder-el-15  el_after_av_hr  el_before_av_one_third  \" style='border-radius:0px; '><section class=\"av_textblock_section \"  itemscope=\"itemscope\" itemtype=\"https:\/\/schema.org\/CreativeWork\" ><div class='avia_textblock  '   itemprop=\"text\" ><p style=\"text-align: center;\">\u201eUns hat sehr geholfen, einmal die ganzen Sachen, die uns belasten, in einem gesch\u00fctzten Raum und mit professioneller Begleitung sagen zu k\u00f6nnen. Es war gut, dabei nicht allein zu sein.\u201c<\/p>\n<\/div><\/section><\/div><div class=\"flex_column av_one_third  flex_column_div av-zero-column-padding   avia-builder-el-17  el_after_av_one_third  el_before_av_one_third  \" style='border-radius:0px; '><section class=\"av_textblock_section \"  itemscope=\"itemscope\" itemtype=\"https:\/\/schema.org\/CreativeWork\" ><div class='avia_textblock  '   itemprop=\"text\" ><p style=\"text-align: center;\">\u201eIch sehe jetzt wieder positive Eigenschaften an meinem Kind.\u201c<\/p>\n<\/div><\/section><\/div><div class=\"flex_column av_one_third  flex_column_div av-zero-column-padding   avia-builder-el-19  el_after_av_one_third  el_before_av_one_third  \" style='border-radius:0px; '><section class=\"av_textblock_section \"  itemscope=\"itemscope\" itemtype=\"https:\/\/schema.org\/CreativeWork\" ><div class='avia_textblock  '   itemprop=\"text\" ><p style=\"text-align: center;\">\u201eDer Raum, die gemeinsame Zeit und die Fragen von Frau Erl-Hegel haben uns als Paar sehr geholfen.\u201c<\/p>\n<\/div><\/section><\/div><div class=\"flex_column av_one_third  flex_column_div av-zero-column-padding first  avia-builder-el-21  el_after_av_one_third  el_before_av_one_third  column-top-margin\" style='border-radius:0px; '><section class=\"av_textblock_section \"  itemscope=\"itemscope\" itemtype=\"https:\/\/schema.org\/CreativeWork\" ><div class='avia_textblock  '   itemprop=\"text\" ><p style=\"text-align: center;\">\u201eEs tut gut, wenn trotz Stress auch mal dar\u00fcber gelacht werden darf.\u201c<\/p>\n<\/div><\/section><\/div><div class=\"flex_column av_one_third  flex_column_div av-zero-column-padding   avia-builder-el-23  el_after_av_one_third  el_before_av_one_third  column-top-margin\" style='border-radius:0px; '><section class=\"av_textblock_section \"  itemscope=\"itemscope\" itemtype=\"https:\/\/schema.org\/CreativeWork\" ><div class='avia_textblock  '   itemprop=\"text\" ><p style=\"text-align: center;\">\u201eFrau Erl-Hegel hat uns mit sinnvollen Impulsen hilfreiche Anregungen zur Bew\u00e4ltigung unserer Probleme gegeben. Ihre humorvolle, lockere, aber immer konstruktive und zielorientierte Art der Kommunikation hat uns sehr unterst\u00fctzt.\u201c<\/p>\n<\/div><\/section><\/div><div class=\"flex_column av_one_third  flex_column_div av-zero-column-padding   avia-builder-el-25  el_after_av_one_third  avia-builder-el-last  column-top-margin\" style='border-radius:0px; '><section class=\"av_textblock_section \"  itemscope=\"itemscope\" itemtype=\"https:\/\/schema.org\/CreativeWork\" ><div class='avia_textblock  '   itemprop=\"text\" ><p style=\"text-align: center;\">\u201eFrau Erl-Hegel ist warmherzig und direkt.\u201c<\/p>\n<\/div><\/section><\/div><\/p>\n<\/div><\/div>\n<\/div>\n<div id='av_section_2' class='avia-section alternate_color avia-section-small avia-no-border-styling av-section-color-overlay-active avia-bg-style-fixed  avia-builder-el-27  el_after_av_layout_row  avia-builder-el-last   container_wrap sidebar_right' style='background-color: #000000;  '  ><div class='av-section-color-overlay-wrap'><div class='av-section-color-overlay' style='opacity: 0.8; background-color: #000000; '><\/div><div class='container' ><div class='template-page content  av-content-small alpha units'><div class='post-entry post-entry-type-page post-entry-143'><div class='entry-content-wrapper clearfix'>\n<div class=\"flex_column av_one_full  flex_column_div av-zero-column-padding first  avia-builder-el-28  avia-builder-el-no-sibling  \" style='border-radius:0px; '><p><div style='padding-bottom:20px; color:#f7f7f7;font-size:50px;' class='av-special-heading av-special-heading-h1 custom-color-heading blockquote modern-quote modern-centered  avia-builder-el-29  el_before_av_textblock  avia-builder-el-first   av-inherit-size '><h1 class='av-special-heading-tag '  itemprop=\"headline\"  >Kontakt<\/h1><div class='special-heading-border'><div class='special-heading-inner-border' style='border-color:#f7f7f7'><\/div><\/div><\/div><br \/>\n<section class=\"av_textblock_section \"  itemscope=\"itemscope\" itemtype=\"https:\/\/schema.org\/CreativeWork\" ><div class='avia_textblock  '   itemprop=\"text\" ><p style=\"text-align: center;\">Elternwerkstatt-Hamburg<br \/>\nKerstin Erl-Hegel<br \/>\nKirchentwiete 29 a<br \/>\n22765 Hamburg<br \/>\nTelefon: 0171 45 93 95 3<\/p>\n<p style=\"text-align: center;\">Ich freue mich sehr mit Ihnen ins Gespr\u00e4ch zu kommen. Gerne k\u00f6nnen Sie mir eine Nachricht mit Ihrem Namen und Ihrer Telefonnummer hinterlassen, ich rufe Sie schnellstm\u00f6glich zur\u00fcck. Oder Sie schicken mir eine Mail, das Kontaktformular finden Sie direkt unter dem Text im Button.<\/p>\n<\/div><\/section><br \/>\n<div style='height:20px' class='hr hr-invisible   avia-builder-el-31  el_after_av_textblock  el_before_av_button '><span class='hr-inner ' ><span class='hr-inner-style'><\/span><\/span><\/div><br \/>\n<div class='avia-button-wrap avia-button-center  avia-builder-el-32  el_after_av_hr  avia-builder-el-last '><a href='https:\/\/elternwerkstatt-hamburg.de\/?page_id=255'  class='avia-button av-icon-on-hover  avia-icon_select-yes-right-icon avia-color-light avia-size-large avia-position-center '   ><span class='avia_iconbox_title' >Kontakt<\/span><span class='avia_button_icon avia_button_icon_right' aria-hidden='true' data-av_icon='\ue879' data-av_iconfont='entypo-fontello'><\/span><\/a><\/div><\/p><\/div>\n<\/div><\/div><\/div><!-- close content main div --><\/div><\/div><\/div><div id='after_section_2' class='main_color av_default_container_wrap container_wrap sidebar_right' style=' '  ><div class='container' ><div class='template-page content  av-content-small alpha units'><div class='post-entry post-entry-type-page post-entry-143'><div class='entry-content-wrapper clearfix'>\n","protected":false},"excerpt":{"rendered":"","protected":false},"author":1,"featured_media":0,"parent":0,"menu_order":0,"comment_status":"closed","ping_status":"closed","template":"","meta":{"footnotes":""},"class_list":["post-143","page","type-page","status-publish","hentry"],"_links":{"self":[{"href":"https:\/\/elternwerkstatt-hamburg.de\/index.php?rest_route=\/wp\/v2\/pages\/143","targetHints":{"allow":["GET"]}}],"collection":[{"href":"https:\/\/elternwerkstatt-hamburg.de\/index.php?rest_route=\/wp\/v2\/pages"}],"about":[{"href":"https:\/\/elternwerkstatt-hamburg.de\/index.php?rest_route=\/wp\/v2\/types\/page"}],"author":[{"embeddable":true,"href":"https:\/\/elternwerkstatt-hamburg.de\/index.php?rest_route=\/wp\/v2\/users\/1"}],"replies":[{"embeddable":true,"href":"https:\/\/elternwerkstatt-hamburg.de\/index.php?rest_route=%2Fwp%2Fv2%2Fcomments&post=143"}],"version-history":[{"count":87,"href":"https:\/\/elternwerkstatt-hamburg.de\/index.php?rest_route=\/wp\/v2\/pages\/143\/revisions"}],"predecessor-version":[{"id":1760,"href":"https:\/\/elternwerkstatt-hamburg.de\/index.php?rest_route=\/wp\/v2\/pages\/143\/revisions\/1760"}],"wp:attachment":[{"href":"https:\/\/elternwerkstatt-hamburg.de\/index.php?rest_route=%2Fwp%2Fv2%2Fmedia&parent=143"}],"curies":[{"name":"wp","href":"https:\/\/api.w.org\/{rel}","templated":true}]}}