{"id":253,"date":"2016-05-23T10:30:12","date_gmt":"2016-05-23T08:30:12","guid":{"rendered":"http:\/\/test.kriesi.at\/enfold-health-coach\/?page_id=253"},"modified":"2025-08-20T10:51:53","modified_gmt":"2025-08-20T08:51:53","slug":"about","status":"publish","type":"page","link":"https:\/\/elternwerkstatt-hamburg.de\/?page_id=253","title":{"rendered":"\u00dcber mich"},"content":{"rendered":"\n<div class=\"flex_column av_two_third  flex_column_div av-zero-column-padding first  avia-builder-el-1  el_after_av_codeblock  el_before_av_one_third  \" style='border-radius:0px; '><p><div style='padding-bottom:30px; font-size:70px;' class='av-special-heading av-special-heading-h1  blockquote modern-quote  avia-builder-el-2  el_before_av_textblock  avia-builder-el-first   av-inherit-size '><h1 class='av-special-heading-tag '  itemprop=\"headline\"  >Kerstin Erl-Hegel<\/h1><div class='special-heading-border'><div class='special-heading-inner-border' ><\/div><\/div><\/div><br \/>\n<section class=\"av_textblock_section \"  itemscope=\"itemscope\" itemtype=\"https:\/\/schema.org\/CreativeWork\" ><div class='avia_textblock  '   itemprop=\"text\" ><ul>\n<li>Jahrgang 1963, verheiratet zwei erwachsene S\u00f6hne<\/li>\n<li>Seit 2017 eigene Praxis, die ELTERNWERKSTATT HAMBURG, f\u00fcr Familien- und Paartherapie, Sexualberatung, Trauerbegleitung sowie Supervision und Weiterbildung<\/li>\n<li>Weiterbildungsleiterin f\u00fcr Psychodrama und Fachbereichsleitung f\u00fcr \u201eSoziale Arbeit\u201c beim Moreno Institut in Edenkoben\/ \u00dcberlingen<\/li>\n<li>Seit 2020 beim pme Familienservice Lebenslagen Coach und Supervisorin sowie f\u00fcr den GBI\/Bestattungen als Trauergruppenleiterin<\/li>\n<li>Referentin f\u00fcr Erziehung- und Paarthemen an Elternschulen, beim pme Familienservice, in Familienbildungsst\u00e4tten und beim Deutschen Kinderschutzbund e.V. sowie in Schulen<\/li>\n<li>Kursleiterin f\u00fcr \u201eStarke Eltern \u2013 Starke Kinder\u201c\u00ae des Deutschen Kinderschutzbundes<\/li>\n<li>Dipl. Sozialarbeiterin; Erfahrung in unterschiedlichen Feldern der Sozialarbeit: Drogennotdienst Berlin, 14 Jahre lang Leiterin der Elternschule Am Grindel, Netzwerkerin im Bezirksamt Eimsb\u00fcttel \/ Fachamt f\u00fcr Jugend- und Familienhilfe, Koordinatorin bei dem pro familia-Projekt: \u201eFachdialognetz f\u00fcr schwangere, gefl\u00fcchtete Frauen\u201c vom BMFSFJ<\/li>\n<\/ul>\n<\/div><\/section><br \/>\n<div style='padding-bottom:20px; font-size:50px;' class='av-special-heading av-special-heading-h1  blockquote modern-quote  avia-builder-el-4  el_after_av_textblock  el_before_av_textblock   av-inherit-size '><h1 class='av-special-heading-tag '  itemprop=\"headline\"  >Und&#8230;<\/h1><div class='special-heading-border'><div class='special-heading-inner-border' ><\/div><\/div><\/div><br \/>\n<section class=\"av_textblock_section \"  itemscope=\"itemscope\" itemtype=\"https:\/\/schema.org\/CreativeWork\" ><div class='avia_textblock  '   itemprop=\"text\" ><p><b>Ich liebe Fischbr\u00f6tchen und die peruanischen Anden.<br \/>\n<\/b><b>Ich stehe auf Vielfalt und nicht auf AfD.<\/b><\/p>\n<\/div><\/section><\/p><\/div>\n<div class=\"flex_column av_one_third  flex_column_div av-zero-column-padding   avia-builder-el-6  el_after_av_two_third  el_before_av_section  avia-builder-el-last  \" style='border-radius:0px; '><div class='avia-image-container  av-styling-    avia-builder-el-7  avia-builder-el-no-sibling  avia-align-right '  itemprop=\"ImageObject\" itemscope=\"itemscope\" itemtype=\"https:\/\/schema.org\/ImageObject\"  ><div class='avia-image-container-inner'><div class='avia-image-overlay-wrap'><img class='avia_image' src='https:\/\/elternwerkstatt-hamburg.de\/wp-content\/uploads\/2019\/05\/portrait_kerstin.jpg' alt='' title='portrait_kerstin' height=\"861\" width=\"1300\"  itemprop=\"thumbnailUrl\"  \/><\/div><\/div><\/div><\/div>\n<\/div><\/div><\/div><!-- close content main div --><\/div><\/div><div id='av_section_1' class='avia-section main_color avia-section-default avia-no-border-styling avia-bg-style-scroll  avia-builder-el-8  el_after_av_one_third  el_before_av_section   container_wrap sidebar_right' style='background-color: #2c8787;  '  ><div class='container' ><div class='template-page content  av-content-small alpha units'><div class='post-entry post-entry-type-page post-entry-253'><div class='entry-content-wrapper clearfix'>\n<div class=\"flex_column av_one_half  flex_column_div first  avia-builder-el-9  el_before_av_one_half  avia-builder-el-first  \" style='background: #ffffff; padding:2%; background-color:#ffffff; border-radius:0; '><p><div style='padding-bottom:20px; font-size:50px;' class='av-special-heading av-special-heading-h1  blockquote modern-quote  avia-builder-el-10  el_before_av_textblock  avia-builder-el-first   av-inherit-size '><h1 class='av-special-heading-tag '  itemprop=\"headline\"  >Qualifikationen und Publikationen<\/h1><div class='special-heading-border'><div class='special-heading-inner-border' ><\/div><\/div><\/div><br \/>\n<section class=\"av_textblock_section \"  itemscope=\"itemscope\" itemtype=\"https:\/\/schema.org\/CreativeWork\" ><div class='avia_textblock  '   itemprop=\"text\" ><ul>\n<li>Weiterbildungsbeauftragte f\u00fcr Psychodrama \/ <a href=\"https:\/\/www.moreno-psychodrama.de\/\" target=\"_blank\" rel=\"noopener\">Moreno Institut Edenkoben<\/a> \/ \u00dcberlingen<\/li>\n<li>Systemische Integrative Paartherapeutin \/ Hans Jelluschek Institut Freiburg<\/li>\n<li>Lehrbeauftragte Universit\u00e4t Hamburg: Erziehungswissenschaften<\/li>\n<li>Systemische Supervisorin \/ Institut f\u00fcr Systemische Studien \/ Hamburg<\/li>\n<li>Monodrama Therapeutin \/ <a href=\"https:\/\/www.moreno-psychodrama.de\/\" target=\"_blank\" rel=\"noopener\">Moreno Institut Edenkoben<\/a> \/ \u00dcberlingen<\/li>\n<li>Resilienz-Trainerin \/ <a href=\"https:\/\/coreszon.com\/\" target=\"_blank\" rel=\"noopener\">Coreszon e.V.<\/a> c\/o Universit\u00e4tsklinikum \/ Hamburg-Eppendorf Hamburg<\/li>\n<li>Weiterbildung Systemische Sexualtherapeutin \/ IGST Heidelberg<\/li>\n<li>Sexualberaterin \/ pro familia e.V.<\/li>\n<li>Psychotherapeutin nach dem Heilpraktikergesetz Hamburg, VFP<\/li>\n<li>Systemischer Elterncoach \/ Institut f\u00fcr Fortbildung Weinheim<\/li>\n<li>Hamburger Basiscurriculum Jugend und Sucht \/ Universit\u00e4tsklinikum Hamburg<\/li>\n<li>Zertifizierte Kursleiterin Elternkurs: Starke Eltern \u2013 Starke Kinder\u00ae \/ Deutscher Kinderschutzbund e.V.<span class=\"Apple-converted-space\">\u00a0<\/span><\/li>\n<li>Team- und Organisationsentwicklung \/ <a href=\"https:\/\/www.moreno-psychodrama.de\/\" target=\"_blank\" rel=\"noopener\">Moreno Institut Stuttgart<\/a><\/li>\n<li>Psychodramaleiterin \/ <a href=\"https:\/\/www.moreno-psychodrama.de\/\" target=\"_blank\" rel=\"noopener\">Moreno Institut Stuttgart,<\/a> DFP<\/li>\n<li>Klientenzentrierte Gespr\u00e4chsf\u00fchrung nach C. Rogers \/ Akademie M\u00fcnster<\/li>\n<li>Diplom Sozialarbeiterin \/ FH M\u00fcnster<\/li>\n<\/ul>\n<\/div><\/section><\/p><\/div><div class=\"flex_column av_one_half  flex_column_div   avia-builder-el-12  el_after_av_one_half  avia-builder-el-last  \" style='background: #ffffff; padding:2%; background-color:#ffffff; border-radius:0; '><p><div style='padding-bottom:20px; font-size:50px;' class='av-special-heading av-special-heading-h1  blockquote modern-quote  avia-builder-el-13  el_before_av_textblock  avia-builder-el-first   av-inherit-size '><h1 class='av-special-heading-tag '  itemprop=\"headline\"  >Mitgliedschaften<\/h1><div class='special-heading-border'><div class='special-heading-inner-border' ><\/div><\/div><\/div><br \/>\n<section class=\"av_textblock_section \"  itemscope=\"itemscope\" itemtype=\"https:\/\/schema.org\/CreativeWork\" ><div class='avia_textblock  '   itemprop=\"text\" ><ul>\n<li>VFP Verband Freier Psychotherapeuten e.V.<\/li>\n<li>DFP Deutscher Fachverband Psychodrama e.V.<\/li>\n<li>Coreszon e.V.<\/li>\n<li>Fine e.V.<\/li>\n<li>pro familia Hamburg e.V.<\/li>\n<li>Deutscher Kinderschutzbund e.V.<\/li>\n<li>Jugendsozialarbeit Schanzenviertel e.V.<\/li>\n<\/ul>\n<\/div><\/section><br \/>\n<div  data-autoplay='false'  data-interval='5'  data-animation='slide'  class='avia-logo-element-container av-border-deactivate avia-logo-grid avia-content-slider avia-smallarrow-slider avia-content-grid-active noHover avia-content-slider1 avia-content-slider-odd  avia-builder-el-15  el_after_av_textblock  avia-builder-el-last  ' ><div class='avia-smallarrow-slider-heading  no-logo-slider-heading '><div class='new-special-heading'>&nbsp;<\/div><\/div><div class='avia-content-slider-inner'><div class='slide-entry-wrap' ><div data-avia-tooltip=\"Verband Freier Psychotherapeuten e.V.\" class='slide-entry flex_column no_margin post-entry slide-entry-overview slide-loop-1 slide-parity-odd  av_fullwidth first real-thumbnail'><img loading=\"lazy\" decoding=\"async\" width=\"300\" height=\"136\" src=\"https:\/\/elternwerkstatt-hamburg.de\/wp-content\/uploads\/2019\/06\/vfp_logo2-300x136.png\" class=\"attachment-medium size-medium\" alt=\"\" srcset=\"https:\/\/elternwerkstatt-hamburg.de\/wp-content\/uploads\/2019\/06\/vfp_logo2-300x136.png 300w, https:\/\/elternwerkstatt-hamburg.de\/wp-content\/uploads\/2019\/06\/vfp_logo2-450x203.png 450w, https:\/\/elternwerkstatt-hamburg.de\/wp-content\/uploads\/2019\/06\/vfp_logo2.png 664w\" sizes=\"auto, (max-width: 300px) 100vw, 300px\" \/><\/div><\/div><div class='slide-entry-wrap' ><div data-avia-tooltip=\"Verband Freier Psychotherapeuten e.V.\" class='slide-entry flex_column no_margin post-entry slide-entry-overview slide-loop-2 slide-parity-odd  av_fullwidth first real-thumbnail'><\/div><\/div><div class='slide-entry-wrap' ><div data-avia-tooltip=\"Deutscher Fachverband f\u00fcr Psychodrama e.V.\" class='slide-entry flex_column no_margin post-entry slide-entry-overview slide-loop-3 slide-parity-odd  av_fullwidth first real-thumbnail'><img loading=\"lazy\" decoding=\"async\" width=\"300\" height=\"136\" src=\"https:\/\/elternwerkstatt-hamburg.de\/wp-content\/uploads\/2019\/06\/DFP-Logo-Mitglied_V3-300x136.png\" class=\"attachment-medium size-medium\" alt=\"\" srcset=\"https:\/\/elternwerkstatt-hamburg.de\/wp-content\/uploads\/2019\/06\/DFP-Logo-Mitglied_V3-300x136.png 300w, https:\/\/elternwerkstatt-hamburg.de\/wp-content\/uploads\/2019\/06\/DFP-Logo-Mitglied_V3-450x203.png 450w, https:\/\/elternwerkstatt-hamburg.de\/wp-content\/uploads\/2019\/06\/DFP-Logo-Mitglied_V3.png 664w\" sizes=\"auto, (max-width: 300px) 100vw, 300px\" \/><\/div><\/div><div class='slide-entry-wrap' ><div data-avia-tooltip=\"Deutscher Fachverband f\u00fcr Psychodrama e.V.\" class='slide-entry flex_column no_margin post-entry slide-entry-overview slide-loop-4 slide-parity-odd  av_fullwidth first real-thumbnail'><\/div><\/div><div class='slide-entry-wrap' ><div data-avia-tooltip=\"G\u00fctesiegel vom PME Familienservice\" class='slide-entry flex_column no_margin post-entry slide-entry-overview slide-loop-5 slide-parity-odd  post-entry-last  av_fullwidth first real-thumbnail'><img loading=\"lazy\" decoding=\"async\" width=\"300\" height=\"300\" src=\"https:\/\/elternwerkstatt-hamburg.de\/wp-content\/uploads\/2025\/02\/2025_zertifikat_lieferant_silber-300x300.png\" class=\"attachment-medium size-medium\" alt=\"\" srcset=\"https:\/\/elternwerkstatt-hamburg.de\/wp-content\/uploads\/2025\/02\/2025_zertifikat_lieferant_silber-300x300.png 300w, https:\/\/elternwerkstatt-hamburg.de\/wp-content\/uploads\/2025\/02\/2025_zertifikat_lieferant_silber-1030x1030.png 1030w, https:\/\/elternwerkstatt-hamburg.de\/wp-content\/uploads\/2025\/02\/2025_zertifikat_lieferant_silber-80x80.png 80w, https:\/\/elternwerkstatt-hamburg.de\/wp-content\/uploads\/2025\/02\/2025_zertifikat_lieferant_silber-768x768.png 768w, https:\/\/elternwerkstatt-hamburg.de\/wp-content\/uploads\/2025\/02\/2025_zertifikat_lieferant_silber-1536x1536.png 1536w, https:\/\/elternwerkstatt-hamburg.de\/wp-content\/uploads\/2025\/02\/2025_zertifikat_lieferant_silber-36x36.png 36w, https:\/\/elternwerkstatt-hamburg.de\/wp-content\/uploads\/2025\/02\/2025_zertifikat_lieferant_silber-180x180.png 180w, https:\/\/elternwerkstatt-hamburg.de\/wp-content\/uploads\/2025\/02\/2025_zertifikat_lieferant_silber-1500x1500.png 1500w, https:\/\/elternwerkstatt-hamburg.de\/wp-content\/uploads\/2025\/02\/2025_zertifikat_lieferant_silber-705x705.png 705w, https:\/\/elternwerkstatt-hamburg.de\/wp-content\/uploads\/2025\/02\/2025_zertifikat_lieferant_silber-120x120.png 120w, https:\/\/elternwerkstatt-hamburg.de\/wp-content\/uploads\/2025\/02\/2025_zertifikat_lieferant_silber-450x450.png 450w, https:\/\/elternwerkstatt-hamburg.de\/wp-content\/uploads\/2025\/02\/2025_zertifikat_lieferant_silber.png 2000w\" sizes=\"auto, (max-width: 300px) 100vw, 300px\" \/><\/div><\/div><\/div><\/div><\/p><\/div>\n\n<\/div><\/div><\/div><!-- close content main div --><\/div><\/div><div id='av_section_2' class='avia-section alternate_color avia-section-small avia-no-border-styling av-section-color-overlay-active avia-bg-style-fixed  avia-builder-el-16  el_after_av_section  avia-builder-el-last   container_wrap sidebar_right' style='background-color: #000000;  '  ><div class='av-section-color-overlay-wrap'><div class='av-section-color-overlay' style='opacity: 0.8; background-color: #000000; '><\/div><div class='container' ><div class='template-page content  av-content-small alpha units'><div class='post-entry post-entry-type-page post-entry-253'><div class='entry-content-wrapper clearfix'>\n<div class=\"flex_column av_one_full  flex_column_div av-zero-column-padding first  avia-builder-el-17  avia-builder-el-no-sibling  \" style='border-radius:0px; '><p><div style='padding-bottom:20px; color:#f7f7f7;font-size:50px;' class='av-special-heading av-special-heading-h1 custom-color-heading blockquote modern-quote modern-centered  avia-builder-el-18  el_before_av_textblock  avia-builder-el-first   av-inherit-size '><h1 class='av-special-heading-tag '  itemprop=\"headline\"  >Kontakt<\/h1><div class='special-heading-border'><div class='special-heading-inner-border' style='border-color:#f7f7f7'><\/div><\/div><\/div><br \/>\n<section class=\"av_textblock_section \"  itemscope=\"itemscope\" itemtype=\"https:\/\/schema.org\/CreativeWork\" ><div class='avia_textblock  '   itemprop=\"text\" ><p style=\"text-align: center;\">Elternwerkstatt-Hamburg<br \/>\nKerstin Erl-Hegel<br \/>\nKirchentwiete 29 a<br \/>\n22765 Hamburg<br \/>\nTelefon: 0171 45 93 95 3<\/p>\n<p style=\"text-align: center;\">Ich freue mich sehr mit Ihnen ins Gespr\u00e4ch zu kommen. Gerne k\u00f6nnen Sie mir eine Nachricht mit Ihrem Namen und Ihrer Telefonnummer hinterlassen, ich rufe Sie schnellstm\u00f6glich zur\u00fcck. Oder Sie schicken mir eine Mail, das Kontaktformular finden Sie direkt unter dem Text im Button.<\/p>\n<\/div><\/section><br \/>\n<div style='height:20px' class='hr hr-invisible   avia-builder-el-20  el_after_av_textblock  el_before_av_button '><span class='hr-inner ' ><span class='hr-inner-style'><\/span><\/span><\/div><br \/>\n<div class='avia-button-wrap avia-button-center  avia-builder-el-21  el_after_av_hr  avia-builder-el-last '><a href='https:\/\/elternwerkstatt-hamburg.de\/?page_id=255'  class='avia-button av-icon-on-hover  avia-icon_select-yes-right-icon avia-color-light avia-size-large avia-position-center '   ><span class='avia_iconbox_title' >Kontakt<\/span><span class='avia_button_icon avia_button_icon_right' aria-hidden='true' data-av_icon='\ue879' data-av_iconfont='entypo-fontello'><\/span><\/a><\/div><\/p><\/div><\/div><\/div><\/div><!-- close content main div --><\/div><\/div><\/div><div id='after_section_2' class='main_color av_default_container_wrap container_wrap sidebar_right' style=' '  ><div class='container' ><div class='template-page content  av-content-small alpha units'><div class='post-entry post-entry-type-page post-entry-253'><div class='entry-content-wrapper clearfix'>\n","protected":false},"excerpt":{"rendered":"","protected":false},"author":1,"featured_media":0,"parent":0,"menu_order":0,"comment_status":"closed","ping_status":"closed","template":"","meta":{"footnotes":""},"class_list":["post-253","page","type-page","status-publish","hentry"],"_links":{"self":[{"href":"https:\/\/elternwerkstatt-hamburg.de\/index.php?rest_route=\/wp\/v2\/pages\/253","targetHints":{"allow":["GET"]}}],"collection":[{"href":"https:\/\/elternwerkstatt-hamburg.de\/index.php?rest_route=\/wp\/v2\/pages"}],"about":[{"href":"https:\/\/elternwerkstatt-hamburg.de\/index.php?rest_route=\/wp\/v2\/types\/page"}],"author":[{"embeddable":true,"href":"https:\/\/elternwerkstatt-hamburg.de\/index.php?rest_route=\/wp\/v2\/users\/1"}],"replies":[{"embeddable":true,"href":"https:\/\/elternwerkstatt-hamburg.de\/index.php?rest_route=%2Fwp%2Fv2%2Fcomments&post=253"}],"version-history":[{"count":92,"href":"https:\/\/elternwerkstatt-hamburg.de\/index.php?rest_route=\/wp\/v2\/pages\/253\/revisions"}],"predecessor-version":[{"id":1700,"href":"https:\/\/elternwerkstatt-hamburg.de\/index.php?rest_route=\/wp\/v2\/pages\/253\/revisions\/1700"}],"wp:attachment":[{"href":"https:\/\/elternwerkstatt-hamburg.de\/index.php?rest_route=%2Fwp%2Fv2%2Fmedia&parent=253"}],"curies":[{"name":"wp","href":"https:\/\/api.w.org\/{rel}","templated":true}]}}