{"id":464,"date":"2019-03-26T15:54:07","date_gmt":"2019-03-26T14:54:07","guid":{"rendered":"http:\/\/elternwerkstatt-hamburg.de\/ewh-test\/?page_id=464"},"modified":"2025-08-20T10:45:56","modified_gmt":"2025-08-20T08:45:56","slug":"erziehungsberatung","status":"publish","type":"page","link":"https:\/\/elternwerkstatt-hamburg.de\/?page_id=464","title":{"rendered":"Erziehungsberatung\/Familientherapie"},"content":{"rendered":"<div id='fullscreen_slider_1' class='avia-fullscreen-slider main_color   avia-builder-el-0  el_before_av_one_full  avia-builder-el-first  container_wrap sidebar_right' style=' '  ><a href='#next-section' title='' class='scroll-down-link av-control-default' aria-hidden='true' data-av_icon='\ue877' data-av_iconfont='entypo-fontello'><\/a><div  data-size='extra_large'  data-lightbox_size='large'  data-animation='slide'  data-conditional_play=''  data-ids='917'  data-video_counter='0'  data-autoplay='false'  data-bg_slider='true'  data-slide_height='100'  data-handle='av_fullscreen'  data-interval='5'  data-class=' '  data-css_id='fullscreen_slider_1'  data-scroll_down='aviaTBscroll_down'  data-control_layout='av-control-default'  data-custom_markup=''  data-perma_caption=''  data-autoplay_stopper=''  data-image_attachment=''  data-min_height='0px'  data-stretch=''  data-default-height='100'  class='avia-slideshow avia-slideshow-1 av-slider-scroll-down-active av-control-default av-default-height-applied avia-slideshow-extra_large av_fullscreen   avia-slide-slider '  itemprop=\"ImageObject\" itemscope=\"itemscope\" itemtype=\"https:\/\/schema.org\/ImageObject\" ><ul class='avia-slideshow-inner ' style='padding-bottom: 73%;' ><li style='background-position:center center;' data-img-url='https:\/\/elternwerkstatt-hamburg.de\/wp-content\/uploads\/2019\/06\/Erziehungsberatun.jpg' class=' av-single-slide slide-1 ' ><div data-rel='slideshow-1' class='avia-slide-wrap '   ><div class = \"caption_fullwidth av-slideshow-caption caption_right\"><div class = \"container caption_container\"><div class = \"slideshow_caption\"><div class = \"slideshow_inner_caption\"><div class = \"slideshow_align_caption\"><h2  style='font-size:80px; ' class='avia-caption-title '  itemprop=\"name\" >Erziehungsberatung\/Familientherapie<\/h2><div class='avia-caption-content  av_inherit_color'  itemprop=\"description\"   style='font-size:30px; '><p>Stillen, Trotzphase, Pubert\u00e4t und dazwischen<\/p>\n<\/div><\/div><\/div><\/div><\/div><\/div><\/div><\/li><\/ul><\/div><\/div><div id='after_full_slider_1' class='main_color av_default_container_wrap container_wrap sidebar_right' style=' '  ><div class='container' ><div class='template-page content  av-content-small alpha units'><div class='post-entry post-entry-type-page post-entry-464'><div class='entry-content-wrapper clearfix'>\n<div class=\"flex_column av_one_full  flex_column_div av-zero-column-padding first  avia-builder-el-1  el_after_av_fullscreen  el_before_av_section  avia-builder-el-no-sibling  \" style='border-radius:0px; '><section class=\"av_textblock_section \"  itemscope=\"itemscope\" itemtype=\"https:\/\/schema.org\/CreativeWork\" ><div class='avia_textblock  '  style='font-size:35px; '  itemprop=\"text\" ><p style=\"text-align: left;\"><strong>Das Leben mit Kindern stellt uns Eltern st\u00e4ndig vor neue Herausforderungen. Laufend stehen wir vor neuen Situationen und dadurch vor neuen Fragen. Als Eltern sind wir gefordert Regeln, Rituale und Grenzen der Entwicklung der Kinder und den Ver\u00e4nderungen innerhalb unserer Familie anzupassen.\u00a0H\u00e4ufig f\u00fchren Erziehungsfragen zu Konflikten in der Partnerschaft.<\/strong><\/p>\n<\/div><\/section><br \/>\n<div class='avia-image-container  av-styling-    avia-builder-el-3  el_after_av_textblock  avia-builder-el-last  avia-align-left '  itemprop=\"ImageObject\" itemscope=\"itemscope\" itemtype=\"https:\/\/schema.org\/ImageObject\"  ><div class='avia-image-container-inner'><div class='avia-image-overlay-wrap'><img class='avia_image' src='https:\/\/elternwerkstatt-hamburg.de\/wp-content\/uploads\/2025\/02\/2025_zertifikat_lieferant_silber-300x300.png' alt='' title='2025_zertifikat_lieferant_silber' height=\"300\" width=\"300\"  itemprop=\"thumbnailUrl\"  \/><\/div><\/div><\/div><\/p><\/div>\n<\/div><\/div><\/div><!-- close content main div --><\/div><\/div><div id='av_section_1' class='avia-section main_color avia-section-huge avia-no-border-styling avia-bg-style-scroll  avia-builder-el-4  el_after_av_one_full  el_before_av_codeblock   container_wrap sidebar_right' style=' '  ><div class='container' ><div class='template-page content  av-content-small alpha units'><div class='post-entry post-entry-type-page post-entry-464'><div class='entry-content-wrapper clearfix'>\n<div class=\"flex_column av_one_full  flex_column_div av-zero-column-padding first  avia-builder-el-5  avia-builder-el-no-sibling  \" style='border-radius:0px; '><p><section class=\"av_textblock_section \"  itemscope=\"itemscope\" itemtype=\"https:\/\/schema.org\/CreativeWork\" ><div class='avia_textblock  '  style='font-size:26px; '  itemprop=\"text\" ><p><b>Ich suche und finde mit Ihnen Antworten auf diese Fragen und unterst\u00fctze Sie dabei:<\/b><\/p>\n<ul>\n<li>Ihr Selbstwertgef\u00fchl als Mutter und Vater zu st\u00e4rken<\/li>\n<li>Erfolgreich angemessene Grenzen zu setzen<\/li>\n<li>Wege im Umgang mit Wut zu finden<\/li>\n<li>Eine neue, liebevolle Familienkommunikation zu finden<\/li>\n<li>Konflikte zu bew\u00e4ltigen und zu l\u00f6sen<\/li>\n<li>Die Entwicklungsphase \u201ePubert\u00e4t\u201c zu verstehen<\/li>\n<li>Eine gute Beziehung mit ihrem Kind zu f\u00fchren<\/li>\n<li>Wieder die positiven Eigenschaften Ihres Kindes zu sehen<\/li>\n<\/ul>\n<p>Schon wenige Beratungsstunden k\u00f6nnen die Familiensituation entlasten und Ihnen Anregungen f\u00fcr ungewohnte und schwierige Situationen geben \u2013 egal, wie alt ihr Kind ist.<\/p>\n<p>Meine Ausbildung als systemischer Eltern-Coach nach Haim Omer und Arist von Schlippe gibt mir die Kompetenz, Sie auch weiterf\u00fchrend etwa bei den Themen permanenter Grenz\u00fcberschreitung, Schule schw\u00e4nzen, Klauen und Kiffen beraten zu k\u00f6nnen.<\/p>\n<p>Auch kann ich Sie bei speziellen Fragestellungen wie Essst\u00f6rungen, Suchtmittelkonsum und schwerwiegenden Verhaltensauff\u00e4lligkeiten mit den passenden Einrichtungen und Beratungsstellen des Hamburger Hilfesystem vernetzen.<\/p>\n<div class=\"page\" title=\"Page 1\">\n<div class=\"layoutArea\">\n<div class=\"column\">\n<p>Vielleicht interessiert Sie der Artikel &#8222;<a href=\"http:\/\/links.springernature.com\/f\/a\/leQkJkcb4z4cMUnVBE7I3w~~\/AABE5gA~\/RgRlxiKiP0RcaHR0cHM6Ly90cmVidWNoZXQucHVibGljLnNwcmluZ2VybmF0dXJlLmFwcC9nZXRfY29udGVudC8xMGNiZTZhMy1lMWZlLTQxODItYTY5OC1jMjFkN2NjMTg4OGNXA3NwY0IKY-GineNjV4iQ-FIUYW5kcmVhLm1lZW50c0BnbXguZGVYBAAABy0~\">Die Chance einmal zu fu\u0308hlen wie mein Kind<\/a>&#8222;, den ich zu dem Thema &#8222;Der Rollenwechsel und das Rolleninterview in der Arbeit mit Eltern und Bezugspersonen&#8220; \u00a0in der Zeitschrift fu\u0308r Psychodrama und Soziometrie ver\u00f6ffentlicht habe.<\/p>\n<\/div>\n<\/div>\n<\/div>\n<\/div><\/section><br \/>\n<div style='padding-bottom:30px; font-size:40px;' class='av-special-heading av-special-heading-h6  blockquote modern-quote  avia-builder-el-7  el_after_av_textblock  el_before_av_textblock   av-inherit-size '><h6 class='av-special-heading-tag '  itemprop=\"headline\"  >Baby- und Kleinkindphase<\/h6><div class='special-heading-border'><div class='special-heading-inner-border' ><\/div><\/div><\/div><br \/>\n<section class=\"av_textblock_section \"  itemscope=\"itemscope\" itemtype=\"https:\/\/schema.org\/CreativeWork\" ><div class='avia_textblock  '  style='font-size:26px; '  itemprop=\"text\" ><p><strong>Sie sind \u00fcberm\u00fcdet und unsicher, Sie versuchen sich an ein Leben mit Kind zu gew\u00f6hnen und mit der gro\u00dfen Verantwortung klar zu kommen. Sie \u00fcberlegen:<\/strong><\/p>\n<ul>\n<li>Will ich stillen? Wann stille ich ab?<\/li>\n<li>Wie schl\u00e4ft mein Kind durch?<\/li>\n<li>Wie kann ich die Beziehung zu meinem Kind st\u00e4rken?<\/li>\n<li>Soviel Trotz \u2013 ist das gesund?<\/li>\n<li>Wie geht das Erziehen zu zweit? Wie gehe ich damit um, welche Grenzen setze ich?<\/li>\n<\/ul>\n<\/div><\/section><br \/>\n<div style='padding-bottom:30px; font-size:40px;' class='av-special-heading av-special-heading-h6  blockquote modern-quote  avia-builder-el-9  el_after_av_textblock  el_before_av_textblock   av-inherit-size '><h6 class='av-special-heading-tag '  itemprop=\"headline\"  >Kindergarten- und Grundschulalter<\/h6><div class='special-heading-border'><div class='special-heading-inner-border' ><\/div><\/div><\/div><br \/>\n<section class=\"av_textblock_section \"  itemscope=\"itemscope\" itemtype=\"https:\/\/schema.org\/CreativeWork\" ><div class='avia_textblock  '  style='font-size:26px; '  itemprop=\"text\" ><p><strong>Sie sind besch\u00e4ftigt mit den Fragen:<\/strong><\/p>\n<ul>\n<li>Wie gelingt eine gute Eingew\u00f6hnung in der Kita?<\/li>\n<li>Was mache ich, wenn mein Kind andere schl\u00e4gt, kneift, bei\u00dft?<\/li>\n<li>Was kann mein Kind schon, wo \u00fcberfordere ich es?<\/li>\n<li>Wie sp\u00fcrt mein Kind, dass ich es liebe?<\/li>\n<li>Was fordert Schule von uns als Eltern?<\/li>\n<li>Was ist, wenn das Thema ADHS auftaucht?<\/li>\n<\/ul>\n<\/div><\/section><br \/>\n<div style='padding-bottom:30px; font-size:40px;' class='av-special-heading av-special-heading-h6  blockquote modern-quote  avia-builder-el-11  el_after_av_textblock  el_before_av_textblock   av-inherit-size '><h6 class='av-special-heading-tag '  itemprop=\"headline\"  >Pubert\u00e4t<\/h6><div class='special-heading-border'><div class='special-heading-inner-border' ><\/div><\/div><\/div><br \/>\n<section class=\"av_textblock_section \"  itemscope=\"itemscope\" itemtype=\"https:\/\/schema.org\/CreativeWork\" ><div class='avia_textblock  '  style='font-size:26px; '  itemprop=\"text\" ><p><strong>W\u00e4hrend der Pubert\u00e4t kann die Familie zum Epizentrum werden: Gebr\u00fcll, T\u00fcren knallen, leise und laute Tr\u00e4nen, Unsicherheit und Ohnmacht.\u00a0Sie fragen sich:<\/strong><\/p>\n<ul>\n<li>Wie kann ich meinem Kind noch Grenzen setzen?<\/li>\n<li>Welche Grenzen sind wichtig?<\/li>\n<li>Mein Kind schl\u00e4gt mich. Wie gehe ich damit um?<\/li>\n<li>Wie sch\u00fctze ich mein Kind vor \u201eSex, Drugs and Rock&#8217;n Roll\u201c?<\/li>\n<li>Wieviel Freiraum ist gesund?<\/li>\n<li>Wie bleibe ich in einem guten Kontakt?<\/li>\n<li>Soll ich noch Hausaufgaben mit ihm machen?<\/li>\n<li>Hat mein Kind die falschen Freunde?<\/li>\n<li>Und das Zimmer&#8230;?<\/li>\n<li>Und das Handy \u2013 so viel Medienkonsum macht doch krank, oder?<\/li>\n<\/ul>\n<\/div><\/section><\/p><\/div>\n<\/div><\/div><\/div><!-- close content main div --><\/div><\/div><div id='after_section_1' class='main_color av_default_container_wrap container_wrap sidebar_right' style=' '  ><div class='container' ><div class='template-page content  av-content-small alpha units'><div class='post-entry post-entry-type-page post-entry-464'><div class='entry-content-wrapper clearfix'>\n\n<\/div><\/div><\/div><!-- close content main div --><\/div><\/div><div id='av_section_2' class='avia-section alternate_color avia-section-small avia-no-border-styling av-section-color-overlay-active avia-bg-style-fixed  avia-builder-el-14  el_after_av_codeblock  avia-builder-el-last   container_wrap sidebar_right' style='background-color: #000000;  '  ><div class='av-section-color-overlay-wrap'><div class='av-section-color-overlay' style='opacity: 0.8; background-color: #000000; '><\/div><div class='container' ><div class='template-page content  av-content-small alpha units'><div class='post-entry post-entry-type-page post-entry-464'><div class='entry-content-wrapper clearfix'>\n<div class=\"flex_column av_one_full  flex_column_div av-zero-column-padding first  avia-builder-el-15  avia-builder-el-no-sibling  \" style='border-radius:0px; '><p><div style='padding-bottom:20px; color:#f7f7f7;font-size:50px;' class='av-special-heading av-special-heading-h1 custom-color-heading blockquote modern-quote modern-centered  avia-builder-el-16  el_before_av_textblock  avia-builder-el-first   av-inherit-size '><h1 class='av-special-heading-tag '  itemprop=\"headline\"  >Kontakt<\/h1><div class='special-heading-border'><div class='special-heading-inner-border' style='border-color:#f7f7f7'><\/div><\/div><\/div><br \/>\n<section class=\"av_textblock_section \"  itemscope=\"itemscope\" itemtype=\"https:\/\/schema.org\/CreativeWork\" ><div class='avia_textblock  '   itemprop=\"text\" ><p style=\"text-align: center;\">Elternwerkstatt-Hamburg<br \/>\nKerstin Erl-Hegel<br \/>\nKirchentwiete 29 a<br \/>\n22765 Hamburg<br \/>\nTelefon: 0171 45 93 95 3<\/p>\n<p style=\"text-align: center;\">Ich freue mich sehr mit Ihnen ins Gespr\u00e4ch zu kommen. Gerne k\u00f6nnen Sie mir eine Nachricht mit Ihrem Namen und Ihrer Telefonnummer hinterlassen, ich rufe Sie schnellstm\u00f6glich zur\u00fcck. Oder Sie schicken mir eine Mail, das Kontaktformular finden Sie direkt unter dem Text im Button.<\/p>\n<\/div><\/section><br \/>\n<div style='height:20px' class='hr hr-invisible   avia-builder-el-18  el_after_av_textblock  el_before_av_button '><span class='hr-inner ' ><span class='hr-inner-style'><\/span><\/span><\/div><br \/>\n<div class='avia-button-wrap avia-button-center  avia-builder-el-19  el_after_av_hr  avia-builder-el-last '><a href='https:\/\/elternwerkstatt-hamburg.de\/?page_id=255'  class='avia-button av-icon-on-hover  avia-icon_select-yes-right-icon avia-color-light avia-size-large avia-position-center '   ><span class='avia_iconbox_title' >Kontakt<\/span><span class='avia_button_icon avia_button_icon_right' aria-hidden='true' data-av_icon='\ue879' data-av_iconfont='entypo-fontello'><\/span><\/a><\/div><\/p><\/div><\/div><\/div><\/div><!-- close content main div --><\/div><\/div><\/div><div id='after_section_2' class='main_color av_default_container_wrap container_wrap sidebar_right' style=' '  ><div class='container' ><div class='template-page content  av-content-small alpha units'><div class='post-entry post-entry-type-page post-entry-464'><div class='entry-content-wrapper clearfix'>\n","protected":false},"excerpt":{"rendered":"","protected":false},"author":1,"featured_media":0,"parent":257,"menu_order":1,"comment_status":"closed","ping_status":"closed","template":"","meta":{"footnotes":""},"class_list":["post-464","page","type-page","status-publish","hentry"],"_links":{"self":[{"href":"https:\/\/elternwerkstatt-hamburg.de\/index.php?rest_route=\/wp\/v2\/pages\/464","targetHints":{"allow":["GET"]}}],"collection":[{"href":"https:\/\/elternwerkstatt-hamburg.de\/index.php?rest_route=\/wp\/v2\/pages"}],"about":[{"href":"https:\/\/elternwerkstatt-hamburg.de\/index.php?rest_route=\/wp\/v2\/types\/page"}],"author":[{"embeddable":true,"href":"https:\/\/elternwerkstatt-hamburg.de\/index.php?rest_route=\/wp\/v2\/users\/1"}],"replies":[{"embeddable":true,"href":"https:\/\/elternwerkstatt-hamburg.de\/index.php?rest_route=%2Fwp%2Fv2%2Fcomments&post=464"}],"version-history":[{"count":52,"href":"https:\/\/elternwerkstatt-hamburg.de\/index.php?rest_route=\/wp\/v2\/pages\/464\/revisions"}],"predecessor-version":[{"id":1682,"href":"https:\/\/elternwerkstatt-hamburg.de\/index.php?rest_route=\/wp\/v2\/pages\/464\/revisions\/1682"}],"up":[{"embeddable":true,"href":"https:\/\/elternwerkstatt-hamburg.de\/index.php?rest_route=\/wp\/v2\/pages\/257"}],"wp:attachment":[{"href":"https:\/\/elternwerkstatt-hamburg.de\/index.php?rest_route=%2Fwp%2Fv2%2Fmedia&parent=464"}],"curies":[{"name":"wp","href":"https:\/\/api.w.org\/{rel}","templated":true}]}}