{"id":467,"date":"2019-03-26T15:55:37","date_gmt":"2019-03-26T14:55:37","guid":{"rendered":"http:\/\/elternwerkstatt-hamburg.de\/ewh-test\/?page_id=467"},"modified":"2025-08-20T10:46:16","modified_gmt":"2025-08-20T08:46:16","slug":"paarberatung-und-paartherapie","status":"publish","type":"page","link":"https:\/\/elternwerkstatt-hamburg.de\/?page_id=467","title":{"rendered":"Paarberatung\/Paartherapie"},"content":{"rendered":"<div id='fullscreen_slider_1' class='avia-fullscreen-slider main_color   avia-builder-el-0  el_before_av_one_full  avia-builder-el-first  container_wrap sidebar_right' style=' '  ><a href='#next-section' title='' class='scroll-down-link av-control-default' aria-hidden='true' data-av_icon='\ue877' data-av_iconfont='entypo-fontello'><\/a><div  data-size='extra_large'  data-lightbox_size='large'  data-animation='slide'  data-conditional_play=''  data-ids='541'  data-video_counter='0'  data-autoplay='false'  data-bg_slider='true'  data-slide_height='100'  data-handle='av_fullscreen'  data-interval='5'  data-class=' '  data-css_id='fullscreen_slider_1'  data-scroll_down='aviaTBscroll_down'  data-control_layout='av-control-default'  data-custom_markup=''  data-perma_caption=''  data-autoplay_stopper=''  data-image_attachment=''  data-min_height='0px'  data-stretch=''  data-default-height='100'  class='avia-slideshow avia-slideshow-1 av-slider-scroll-down-active av-control-default av-default-height-applied avia-slideshow-extra_large av_fullscreen   avia-slide-slider '  itemprop=\"ImageObject\" itemscope=\"itemscope\" itemtype=\"https:\/\/schema.org\/ImageObject\" ><ul class='avia-slideshow-inner ' style='padding-bottom: 66.666666666667%;' ><li style='background-position:center center;' data-img-url='https:\/\/elternwerkstatt-hamburg.de\/wp-content\/uploads\/2019\/05\/anderbar.jpg' class=' av-single-slide slide-1 ' ><div data-rel='slideshow-1' class='avia-slide-wrap '   ><div class = \"caption_fullwidth av-slideshow-caption caption_right\"><div class = \"container caption_container\"><div class = \"slideshow_caption\"><div class = \"slideshow_inner_caption\"><div class = \"slideshow_align_caption\"><h2  style='font-size:80px; ' class='avia-caption-title '  itemprop=\"name\" >Paarberatung\/Paartherapie<\/h2><div class='avia-caption-content  av_inherit_color'  itemprop=\"description\"   style='font-size:30px; '><p>Paar sein \u2013 Paar bleiben<\/p>\n<\/div><\/div><\/div><\/div><\/div><\/div><\/div><\/li><\/ul><\/div><\/div><div id='after_full_slider_1' class='main_color av_default_container_wrap container_wrap sidebar_right' style=' '  ><div class='container' ><div class='template-page content  av-content-small alpha units'><div class='post-entry post-entry-type-page post-entry-467'><div class='entry-content-wrapper clearfix'>\n<div class=\"flex_column av_one_full  flex_column_div av-zero-column-padding first  avia-builder-el-1  el_after_av_fullscreen  el_before_av_section  avia-builder-el-no-sibling  \" style='border-radius:0px; '><section class=\"av_textblock_section \"  itemscope=\"itemscope\" itemtype=\"https:\/\/schema.org\/CreativeWork\" ><div class='avia_textblock  '  style='font-size:35px; '  itemprop=\"text\" ><p><strong>Eine Paarbeziehung ist ein Weg voller H\u00f6hen und Tiefen. Viele Konflikte h\u00e4tte man sich nicht vorstellen k\u00f6nnen und manchmal reicht eine scheinbare Kleinigkeit, und Alles steht unvermittelt infrage. Auch Kinder k\u00f6nnen ein ungeahnt anstrengender Faktor sein und der Alltag mit ihnen zur Belastungsprobe werden. <span class=\"Apple-converted-space\">\u00a0<\/span><\/strong><\/p>\n<p><strong>Ich verstehe mich an dieser Stelle als Vermittlerin und Dolmetscherin. Mein Ansatz ist, Sie als Paar (wieder) ins Gespr\u00e4ch zu bringen und beratend und vermittelnd zur Seite zu stehen. Ich m\u00f6chte helfen, den Kern von Konflikten zu erkennen und mit Ihnen eine L\u00f6sung erarbeiten, die F\u00dcR SIE BEIDE\u00a0passend ist. Das kann bedeuten, sich wieder zu sehen, zu f\u00fchlen, zu h\u00f6ren \u2013 oder auch, sich respektvoll zu trennen.<\/strong><\/p>\n<\/div><\/section><\/div>\n<\/div><\/div><\/div><!-- close content main div --><\/div><\/div><div id='av_section_1' class='avia-section main_color avia-section-huge avia-no-border-styling avia-bg-style-scroll  avia-builder-el-3  el_after_av_one_full  el_before_av_codeblock   container_wrap sidebar_right' style=' '  ><div class='container' ><div class='template-page content  av-content-small alpha units'><div class='post-entry post-entry-type-page post-entry-467'><div class='entry-content-wrapper clearfix'>\n<div class=\"flex_column av_one_full  flex_column_div av-zero-column-padding first  avia-builder-el-4  avia-builder-el-no-sibling  \" style='border-radius:0px; '><section class=\"av_textblock_section \"  itemscope=\"itemscope\" itemtype=\"https:\/\/schema.org\/CreativeWork\" ><div class='avia_textblock  '  style='font-size:26px; '  itemprop=\"text\" ><p><b>Sie haben Ihre Partnerin bzw. Ihren Partner aus dem Blick verloren?<\/b><\/p>\n<ul>\n<li>Ihre Gespr\u00e4che drehen sich nur noch ums Kind und um die Organisation des Alltages?<\/li>\n<li>Kleinigkeiten f\u00fchren zu Streit?<\/li>\n<li>Es fehlt Ihnen Sexualit\u00e4t und Z\u00e4rtlichkeit?<\/li>\n<li>Sie f\u00fchlen sich von Ihrer Partnerin bzw. Ihrem Partner\u00a0nicht verstanden?<span class=\"Apple-converted-space\">\u00a0<\/span><\/li>\n<li>Ihnen fehlen sch\u00f6ne, verbindende Momente?<span class=\"Apple-converted-space\">\u00a0<\/span><\/li>\n<li>Au\u00dfenbeziehungen sind attraktiv<span class=\"Apple-converted-space\">\u00a0geworden<\/span><\/li>\n<li>Es fehlt an gemeinsamen Tr\u00e4umen und Pl\u00e4nen<\/li>\n<\/ul>\n<p>oder<span class=\"Apple-converted-space\">\u00a0<\/span><\/p>\n<ul>\n<li>Sie haben eine akute Krise<span class=\"Apple-converted-space\">\u00a0<\/span><\/li>\n<li>Sie sind verliebt in jemand anderen&#8230;<\/li>\n<\/ul>\n<p>oder<\/p>\n<ul>\n<li>Sie wollen sich trennen \u2013 Sie k\u00f6nnen Ihre Partnerin bzw. Ihren Partner buchst\u00e4blich nicht mehr riechen<\/li>\n<\/ul>\n<p><strong>Paarberatung\/ Paartherapie kann helfen:<span class=\"Apple-converted-space\">\u00a0<\/span><\/strong><\/p>\n<p>Wieder ins Gespr\u00e4ch zu kommen<\/p>\n<ul>\n<li>Ihrer Partnerin bzw. Ihrem Partner zuzuh\u00f6ren<\/li>\n<li>Bed\u00fcrfnisse zu erkennen und zu benennen<\/li>\n<li>Konstruktive Gespr\u00e4che zu f\u00fchren<\/li>\n<li>Festgefahrene Beziehungsmuster zu erkennen<span class=\"Apple-converted-space\">\u00a0<\/span><\/li>\n<li>Die eigenen Gef\u00fchle und W\u00fcnsche und die der Partnerin bzw. des Partners besser zu verstehen<span class=\"Apple-converted-space\">\u00a0<\/span><\/li>\n<li>W\u00fcnsche statt Vorw\u00fcrfe zu formulieren<\/li>\n<li>Die Basis f\u00fcr Vertrauen, N\u00e4he und positive Begegnungen wiederherzustellen<\/li>\n<li>Sich k\u00f6rperlich wieder zu begegnen<\/li>\n<li>Zu lernen, sich als Paar Zeit zu nehmen<span class=\"Apple-converted-space\">\u00a0<\/span><\/li>\n<\/ul>\n<p>oder<span class=\"Apple-converted-space\">\u00a0<\/span><\/p>\n<ul>\n<li>In der Krise einen klaren Kopf zu bewahren<span class=\"Apple-converted-space\">\u00a0<\/span><\/li>\n<li>Spielregeln f\u00fcr einen respektvollen Umgang gemeinsam zu entwickeln<\/li>\n<\/ul>\n<p>oder<\/p>\n<ul>\n<li>Den Trennungsprozess fair zu gestalten<\/li>\n<li>Sich einig zu werden: als Paar getrennt, aber f\u00fcr immer Eltern<span class=\"Apple-converted-space\">\u00a0<\/span><\/li>\n<li>Die Aufgaben als Eltern kl\u00e4ren<\/li>\n<\/ul>\n<\/div><\/section><\/div>\n<\/div><\/div><\/div><!-- close content main div --><\/div><\/div><div id='after_section_1' class='main_color av_default_container_wrap container_wrap sidebar_right' style=' '  ><div class='container' ><div class='template-page content  av-content-small alpha units'><div class='post-entry post-entry-type-page post-entry-467'><div class='entry-content-wrapper clearfix'>\n\n<\/div><\/div><\/div><!-- close content main div --><\/div><\/div><div id='av_section_2' class='avia-section alternate_color avia-section-small avia-no-border-styling av-section-color-overlay-active avia-bg-style-fixed  avia-builder-el-7  el_after_av_codeblock  avia-builder-el-last   container_wrap sidebar_right' style='background-color: #000000;  '  ><div class='av-section-color-overlay-wrap'><div class='av-section-color-overlay' style='opacity: 0.8; background-color: #000000; '><\/div><div class='container' ><div class='template-page content  av-content-small alpha units'><div class='post-entry post-entry-type-page post-entry-467'><div class='entry-content-wrapper clearfix'>\n<div class=\"flex_column av_one_full  flex_column_div av-zero-column-padding first  avia-builder-el-8  avia-builder-el-no-sibling  \" style='border-radius:0px; '><p><div style='padding-bottom:20px; color:#f7f7f7;font-size:50px;' class='av-special-heading av-special-heading-h1 custom-color-heading blockquote modern-quote modern-centered  avia-builder-el-9  el_before_av_textblock  avia-builder-el-first   av-inherit-size '><h1 class='av-special-heading-tag '  itemprop=\"headline\"  >Kontakt<\/h1><div class='special-heading-border'><div class='special-heading-inner-border' style='border-color:#f7f7f7'><\/div><\/div><\/div><br \/>\n<section class=\"av_textblock_section \"  itemscope=\"itemscope\" itemtype=\"https:\/\/schema.org\/CreativeWork\" ><div class='avia_textblock  '   itemprop=\"text\" ><p style=\"text-align: center;\">Elternwerkstatt-Hamburg<br \/>\nKerstin Erl-Hegel<br \/>\nKirchentwiete 29 a<br \/>\n22765 Hamburg<br \/>\nTelefon: 0171 45 93 95 3<\/p>\n<p style=\"text-align: center;\">Ich freue mich sehr mit Ihnen ins Gespr\u00e4ch zu kommen. Gerne k\u00f6nnen Sie mir eine Nachricht mit Ihrem Namen und Ihrer Telefonnummer hinterlassen, ich rufe Sie schnellstm\u00f6glich zur\u00fcck. Oder Sie schicken mir eine Mail, das Kontaktformular finden Sie direkt unter dem Text im Button.<\/p>\n<\/div><\/section><br \/>\n<div style='height:20px' class='hr hr-invisible   avia-builder-el-11  el_after_av_textblock  el_before_av_button '><span class='hr-inner ' ><span class='hr-inner-style'><\/span><\/span><\/div><br \/>\n<div class='avia-button-wrap avia-button-center  avia-builder-el-12  el_after_av_hr  avia-builder-el-last '><a href='https:\/\/elternwerkstatt-hamburg.de\/?page_id=255'  class='avia-button av-icon-on-hover  avia-icon_select-yes-right-icon avia-color-light avia-size-large avia-position-center '   ><span class='avia_iconbox_title' >Kontakt<\/span><span class='avia_button_icon avia_button_icon_right' aria-hidden='true' data-av_icon='\ue879' data-av_iconfont='entypo-fontello'><\/span><\/a><\/div><\/p><\/div><\/div><\/div><\/div><!-- close content main div --><\/div><\/div><\/div><div id='after_section_2' class='main_color av_default_container_wrap container_wrap sidebar_right' style=' '  ><div class='container' ><div class='template-page content  av-content-small alpha units'><div class='post-entry post-entry-type-page post-entry-467'><div class='entry-content-wrapper clearfix'>\n","protected":false},"excerpt":{"rendered":"","protected":false},"author":1,"featured_media":0,"parent":257,"menu_order":2,"comment_status":"closed","ping_status":"closed","template":"","meta":{"footnotes":""},"class_list":["post-467","page","type-page","status-publish","hentry"],"_links":{"self":[{"href":"https:\/\/elternwerkstatt-hamburg.de\/index.php?rest_route=\/wp\/v2\/pages\/467","targetHints":{"allow":["GET"]}}],"collection":[{"href":"https:\/\/elternwerkstatt-hamburg.de\/index.php?rest_route=\/wp\/v2\/pages"}],"about":[{"href":"https:\/\/elternwerkstatt-hamburg.de\/index.php?rest_route=\/wp\/v2\/types\/page"}],"author":[{"embeddable":true,"href":"https:\/\/elternwerkstatt-hamburg.de\/index.php?rest_route=\/wp\/v2\/users\/1"}],"replies":[{"embeddable":true,"href":"https:\/\/elternwerkstatt-hamburg.de\/index.php?rest_route=%2Fwp%2Fv2%2Fcomments&post=467"}],"version-history":[{"count":33,"href":"https:\/\/elternwerkstatt-hamburg.de\/index.php?rest_route=\/wp\/v2\/pages\/467\/revisions"}],"predecessor-version":[{"id":1686,"href":"https:\/\/elternwerkstatt-hamburg.de\/index.php?rest_route=\/wp\/v2\/pages\/467\/revisions\/1686"}],"up":[{"embeddable":true,"href":"https:\/\/elternwerkstatt-hamburg.de\/index.php?rest_route=\/wp\/v2\/pages\/257"}],"wp:attachment":[{"href":"https:\/\/elternwerkstatt-hamburg.de\/index.php?rest_route=%2Fwp%2Fv2%2Fmedia&parent=467"}],"curies":[{"name":"wp","href":"https:\/\/api.w.org\/{rel}","templated":true}]}}